{"id":1328,"date":"2024-04-23T17:05:26","date_gmt":"2024-04-23T15:05:26","guid":{"rendered":"https:\/\/freewalkingtouraugsburg.de\/discover\/"},"modified":"2025-04-03T10:00:09","modified_gmt":"2025-04-03T08:00:09","slug":"discover","status":"publish","type":"page","link":"https:\/\/freewalkingtouraugsburg.de\/en\/discover\/","title":{"rendered":"Discover"},"content":{"rendered":"\t\t<div data-elementor-type=\"wp-page\" data-elementor-id=\"1328\" class=\"elementor elementor-1328 elementor-301\" data-elementor-post-type=\"page\">\n\t\t\t\t<div class=\"elementor-element elementor-element-fa14479 e-flex e-con-boxed e-con e-parent\" data-id=\"fa14479\" data-element_type=\"container\" data-e-type=\"container\" data-settings=\"{&quot;background_background&quot;:&quot;classic&quot;}\">\n\t\t\t\t\t<div class=\"e-con-inner\">\n\t\t<div class=\"elementor-element elementor-element-8b020a2 e-flex e-con-boxed e-con e-child\" data-id=\"8b020a2\" data-element_type=\"container\" data-e-type=\"container\">\n\t\t\t\t\t<div class=\"e-con-inner\">\n\t\t\t\t<div class=\"elementor-element elementor-element-c8ddb77 elementor-widget elementor-widget-image\" data-id=\"c8ddb77\" data-element_type=\"widget\" data-e-type=\"widget\" data-widget_type=\"image.default\">\n\t\t\t\t<div class=\"elementor-widget-container\">\n\t\t\t\t\t\t\t\t\t\t\t\t\t\t\t<img fetchpriority=\"high\" decoding=\"async\" width=\"768\" height=\"676\" src=\"https:\/\/freewalkingtouraugsburg.de\/wp-content\/uploads\/2024\/05\/a20231028_111718-scaled-e1715952291590-768x676.jpg\" class=\"attachment-medium_large size-medium_large wp-image-1329\" alt=\"\" srcset=\"https:\/\/freewalkingtouraugsburg.de\/wp-content\/uploads\/2024\/05\/a20231028_111718-scaled-e1715952291590-768x676.jpg 768w, https:\/\/freewalkingtouraugsburg.de\/wp-content\/uploads\/2024\/05\/a20231028_111718-scaled-e1715952291590-300x264.jpg 300w, https:\/\/freewalkingtouraugsburg.de\/wp-content\/uploads\/2024\/05\/a20231028_111718-scaled-e1715952291590-1024x901.jpg 1024w, https:\/\/freewalkingtouraugsburg.de\/wp-content\/uploads\/2024\/05\/a20231028_111718-scaled-e1715952291590-1536x1351.jpg 1536w, https:\/\/freewalkingtouraugsburg.de\/wp-content\/uploads\/2024\/05\/a20231028_111718-scaled-e1715952291590-20x18.jpg 20w, https:\/\/freewalkingtouraugsburg.de\/wp-content\/uploads\/2024\/05\/a20231028_111718-scaled-e1715952291590.jpg 1804w\" sizes=\"(max-width: 768px) 100vw, 768px\" \/>\t\t\t\t\t\t\t\t\t\t\t\t\t\t\t<\/div>\n\t\t\t\t<\/div>\n\t\t\t\t<div class=\"elementor-element elementor-element-e89c7f7 elementor-widget-divider--view-line elementor-widget elementor-widget-divider\" data-id=\"e89c7f7\" data-element_type=\"widget\" data-e-type=\"widget\" data-widget_type=\"divider.default\">\n\t\t\t\t<div class=\"elementor-widget-container\">\n\t\t\t\t\t\t\t<div class=\"elementor-divider\">\n\t\t\t<span class=\"elementor-divider-separator\">\n\t\t\t\t\t\t<\/span>\n\t\t<\/div>\n\t\t\t\t\t\t<\/div>\n\t\t\t\t<\/div>\n\t\t\t\t<div class=\"elementor-element elementor-element-6cacf70 elementor-cta--layout-image-left elementor-cta--mobile-layout-image-above elementor-cta--tablet_extra-layout-image-above elementor-cta--skin-classic elementor-animated-content elementor-bg-transform elementor-bg-transform-zoom-in elementor-widget elementor-widget-call-to-action\" data-id=\"6cacf70\" data-element_type=\"widget\" data-e-type=\"widget\" data-widget_type=\"call-to-action.default\">\n\t\t\t\t<div class=\"elementor-widget-container\">\n\t\t\t\t\t\t\t<div class=\"elementor-cta\">\n\t\t\t\t\t<div class=\"elementor-cta__bg-wrapper\">\n\t\t\t\t<div class=\"elementor-cta__bg elementor-bg\" style=\"background-image: url(https:\/\/freewalkingtouraugsburg.de\/wp-content\/uploads\/2024\/06\/Manzu-Brunnen-Free-Walking-Tour-Augsburg-1024x1024.jpg);\" role=\"img\" aria-label=\"Manzu\u0300-Brunnen-Free-Walking-Tour-Augsburg\"><\/div>\n\t\t\t\t<div class=\"elementor-cta__bg-overlay\"><\/div>\n\t\t\t<\/div>\n\t\t\t\t\t\t\t<div class=\"elementor-cta__content\">\n\t\t\t\t\n\t\t\t\t\t\t\t\t\t<h3 class=\"elementor-cta__title elementor-cta__content-item elementor-content-item\">\n\t\t\t\t\t\tManz\u00f9 Fountain\t\t\t\t\t<\/h3>\n\t\t\t\t\n\t\t\t\t\t\t\t\t\t<div class=\"elementor-cta__description elementor-cta__content-item elementor-content-item\">\n\t\t\t\t\t\t<p>Our meeting point: the Manz\u00f9 fountain on K\u00f6nigsplatz. The woman, who is always protected from the weather in winter by a large wooden box, stands in the middle of the fountain and is dedicated to the youth of Augsburg. It looks towards the Riegele House and was designed by the Roman sculptor Giacomo Manz\u00f9. She was financed by the Chamber of Industry and Commerce, which is why she is popularly known as the \"Chamber Maid\". Now you have no excuse for standing at the wrong fountain.<\/p>\n\t\t\t\t\t<\/div>\n\t\t\t\t\n\t\t\t\t\t\t\t<\/div>\n\t\t\t\t\t\t<\/div>\n\t\t\t\t\t\t<\/div>\n\t\t\t\t<\/div>\n\t\t\t\t<div class=\"elementor-element elementor-element-b854478 elementor-cta--layout-image-right elementor-cta--mobile-layout-image-above elementor-cta--tablet_extra-layout-image-above elementor-cta--skin-classic elementor-animated-content elementor-bg-transform elementor-bg-transform-zoom-in elementor-widget elementor-widget-call-to-action\" data-id=\"b854478\" data-element_type=\"widget\" data-e-type=\"widget\" data-widget_type=\"call-to-action.default\">\n\t\t\t\t<div class=\"elementor-widget-container\">\n\t\t\t\t\t\t\t<div class=\"elementor-cta\">\n\t\t\t\t\t<div class=\"elementor-cta__bg-wrapper\">\n\t\t\t\t<div class=\"elementor-cta__bg elementor-bg\" style=\"background-image: url(https:\/\/freewalkingtouraugsburg.de\/wp-content\/uploads\/2024\/06\/Eingang_Zeughaus_FreeWalkingTour-Augsburg-1024x683.jpg);\" role=\"img\" aria-label=\"Eingang_Zeughaus_FreeWalkingTour-Augsburg\"><\/div>\n\t\t\t\t<div class=\"elementor-cta__bg-overlay\"><\/div>\n\t\t\t<\/div>\n\t\t\t\t\t\t\t<div class=\"elementor-cta__content\">\n\t\t\t\t\n\t\t\t\t\t\t\t\t\t<h3 class=\"elementor-cta__title elementor-cta__content-item elementor-content-item\">\n\t\t\t\t\t\tArmory entrance\t\t\t\t\t<\/h3>\n\t\t\t\t\n\t\t\t\t\t\t\t\t\t<div class=\"elementor-cta__description elementor-cta__content-item elementor-content-item\">\n\t\t\t\t\t\t<p>One name that crops up again and again on every tour of the city is that of Elias Holl, Augsburg's public works master. Among other things, he built our magnificent town hall, the new building and the Heilig-Geist-Spital, which today is better known as the Augsburger Puppenkiste. The artist Hans Reichle probably created a monument to him here in the form of a bearded turtle. Fittingly, you will find this at the Zeughaus, Elias Holl's first work.<\/p>\n\t\t\t\t\t<\/div>\n\t\t\t\t\n\t\t\t\t\t\t\t<\/div>\n\t\t\t\t\t\t<\/div>\n\t\t\t\t\t\t<\/div>\n\t\t\t\t<\/div>\n\t\t\t\t<div class=\"elementor-element elementor-element-1899e6a elementor-cta--layout-image-left elementor-cta--mobile-layout-image-above elementor-cta--tablet_extra-layout-image-above elementor-cta--skin-classic elementor-animated-content elementor-bg-transform elementor-bg-transform-zoom-in elementor-widget elementor-widget-call-to-action\" data-id=\"1899e6a\" data-element_type=\"widget\" data-e-type=\"widget\" data-widget_type=\"call-to-action.default\">\n\t\t\t\t<div class=\"elementor-widget-container\">\n\t\t\t\t\t\t\t<div class=\"elementor-cta\">\n\t\t\t\t\t<div class=\"elementor-cta__bg-wrapper\">\n\t\t\t\t<div class=\"elementor-cta__bg elementor-bg\" style=\"background-image: url(https:\/\/freewalkingtouraugsburg.de\/wp-content\/uploads\/2024\/06\/Kirchgasse_FreeWalkingTour-Augsburg-1024x683.jpg);\" role=\"img\" aria-label=\"Kirchgasse_FreeWalkingTour-Augsburg\"><\/div>\n\t\t\t\t<div class=\"elementor-cta__bg-overlay\"><\/div>\n\t\t\t<\/div>\n\t\t\t\t\t\t\t<div class=\"elementor-cta__content\">\n\t\t\t\t\n\t\t\t\t\t\t\t\t\t<h3 class=\"elementor-cta__title elementor-cta__content-item elementor-content-item\">\n\t\t\t\t\t\tKirchgasse\t\t\t\t\t<\/h3>\n\t\t\t\t\n\t\t\t\t\t\t\t\t\t<div class=\"elementor-cta__description elementor-cta__content-item elementor-content-item\">\n\t\t\t\t\t\t<p>Kirchgasse is considered one of the most beautiful alleyways in Augsburg. Located in the shadow of the church of St. Ulrich and Afra, it was long regarded as a problem district and in the 1990s it was still possible to buy houses quite cheaply. As you can see, this is no longer the case. We will also visit with you, even if you don't want to buy a house there.<\/p>\n\t\t\t\t\t<\/div>\n\t\t\t\t\n\t\t\t\t\t\t\t<\/div>\n\t\t\t\t\t\t<\/div>\n\t\t\t\t\t\t<\/div>\n\t\t\t\t<\/div>\n\t\t\t\t<div class=\"elementor-element elementor-element-31af3c8 elementor-cta--layout-image-right elementor-cta--mobile-layout-image-above elementor-cta--tablet_extra-layout-image-above elementor-cta--skin-classic elementor-animated-content elementor-bg-transform elementor-bg-transform-zoom-in elementor-widget elementor-widget-call-to-action\" data-id=\"31af3c8\" data-element_type=\"widget\" data-e-type=\"widget\" data-widget_type=\"call-to-action.default\">\n\t\t\t\t<div class=\"elementor-widget-container\">\n\t\t\t\t\t\t\t<div class=\"elementor-cta\">\n\t\t\t\t\t<div class=\"elementor-cta__bg-wrapper\">\n\t\t\t\t<div class=\"elementor-cta__bg elementor-bg\" style=\"background-image: url(https:\/\/freewalkingtouraugsburg.de\/wp-content\/uploads\/2024\/06\/Rotes_Tor_FreeWalkingTour-Augsburg-1024x768.jpg);\" role=\"img\" aria-label=\"Rotes_Tor_FreeWalkingTour-Augsburg\"><\/div>\n\t\t\t\t<div class=\"elementor-cta__bg-overlay\"><\/div>\n\t\t\t<\/div>\n\t\t\t\t\t\t\t<div class=\"elementor-cta__content\">\n\t\t\t\t\n\t\t\t\t\t\t\t\t\t<h3 class=\"elementor-cta__title elementor-cta__content-item elementor-content-item\">\n\t\t\t\t\t\tRed gate\t\t\t\t\t<\/h3>\n\t\t\t\t\n\t\t\t\t\t\t\t\t\t<div class=\"elementor-cta__description elementor-cta__content-item elementor-content-item\">\n\t\t\t\t\t\t<p>The name of the gate is easy to remember: Look at it, what color is it? Red! That's why it's called the red gate. Built by Elias Holl, it was the south gate and one of the most important city gates in Augsburg. Right next to it are two of our UNESCO World Heritage water towers and the building that now houses the Augsburger Puppenkiste.<\/p>\n\t\t\t\t\t<\/div>\n\t\t\t\t\n\t\t\t\t\t\t\t<\/div>\n\t\t\t\t\t\t<\/div>\n\t\t\t\t\t\t<\/div>\n\t\t\t\t<\/div>\n\t\t\t\t<div class=\"elementor-element elementor-element-19d336c elementor-cta--layout-image-left elementor-cta--mobile-layout-image-above elementor-cta--tablet_extra-layout-image-above elementor-cta--skin-classic elementor-animated-content elementor-bg-transform elementor-bg-transform-zoom-in elementor-widget elementor-widget-call-to-action\" data-id=\"19d336c\" data-element_type=\"widget\" data-e-type=\"widget\" data-widget_type=\"call-to-action.default\">\n\t\t\t\t<div class=\"elementor-widget-container\">\n\t\t\t\t\t\t\t<div class=\"elementor-cta\">\n\t\t\t\t\t<div class=\"elementor-cta__bg-wrapper\">\n\t\t\t\t<div class=\"elementor-cta__bg elementor-bg\" style=\"background-image: url(https:\/\/freewalkingtouraugsburg.de\/wp-content\/uploads\/2024\/06\/Wasserwerk_beim_bischoeflichen_Wasserturm_FreeWalkingTour-Augsburg-1024x768.jpg);\" role=\"img\" aria-label=\"Wasserwerk_beim_bischo\u0308flichen_Wasserturm_FreeWalkingTour-Augsburg\"><\/div>\n\t\t\t\t<div class=\"elementor-cta__bg-overlay\"><\/div>\n\t\t\t<\/div>\n\t\t\t\t\t\t\t<div class=\"elementor-cta__content\">\n\t\t\t\t\n\t\t\t\t\t\t\t\t\t<h3 class=\"elementor-cta__title elementor-cta__content-item elementor-content-item\">\n\t\t\t\t\t\tWaterworks at the episcopal water tower\t\t\t\t\t<\/h3>\n\t\t\t\t\n\t\t\t\t\t\t\t\t\t<div class=\"elementor-cta__description elementor-cta__content-item elementor-content-item\">\n\t\t\t\t\t\t<p>The footbridge you see here leads over a small water canal, the Reichenbach Canal, which previously carried water over the town stream. The water was intended for the fountain works that were to supply the episcopal city with water. Today, the waterworks as such no longer exists. Instead, there is a movie theater, the Liliom, which is now home to one of the hippest caf\u00e9s in the old town.<\/p>\n\t\t\t\t\t<\/div>\n\t\t\t\t\n\t\t\t\t\t\t\t<\/div>\n\t\t\t\t\t\t<\/div>\n\t\t\t\t\t\t<\/div>\n\t\t\t\t<\/div>\n\t\t\t\t\t<\/div>\n\t\t\t\t<\/div>\n\t\t\t\t<div class=\"elementor-element elementor-element-76dae32 elementor-cta--layout-image-right elementor-cta--mobile-layout-image-above elementor-cta--tablet_extra-layout-image-above elementor-cta--skin-classic elementor-animated-content elementor-widget elementor-widget-call-to-action\" data-id=\"76dae32\" data-element_type=\"widget\" data-e-type=\"widget\" data-widget_type=\"call-to-action.default\">\n\t\t\t\t<div class=\"elementor-widget-container\">\n\t\t\t\t\t\t\t<div class=\"elementor-cta\">\n\t\t\t\t\t<div class=\"elementor-cta__bg-wrapper\">\n\t\t\t\t<div class=\"elementor-cta__bg elementor-bg\" style=\"background-image: url(https:\/\/freewalkingtouraugsburg.de\/wp-content\/uploads\/2024\/06\/Kathanhaus_FreeWalkingTour-Augsburg-1024x768.jpg);\" role=\"img\" aria-label=\"Kathanhaus_FreeWalkingTour-Augsburg\"><\/div>\n\t\t\t\t<div class=\"elementor-cta__bg-overlay\"><\/div>\n\t\t\t<\/div>\n\t\t\t\t\t\t\t<div class=\"elementor-cta__content\">\n\t\t\t\t\n\t\t\t\t\t\t\t\t\t<h3 class=\"elementor-cta__title elementor-cta__content-item elementor-content-item\">\n\t\t\t\t\t\tKathan house\t\t\t\t\t<\/h3>\n\t\t\t\t\n\t\t\t\t\t\t\t\t\t<div class=\"elementor-cta__description elementor-cta__content-item elementor-content-item\">\n\t\t\t\t\t\t<p>The Kathanhaus is one of Augsburg's hidden gems. Here you can get an idea of the splendid painting of large parts of the city. Painted in the middle of the 18th century, the fa\u00e7ade was restored after the Second World War, but still only represents a reflection of the Rococo fa\u00e7ade painting typical of Augsburg houses.<\/p>\n\t\t\t\t\t<\/div>\n\t\t\t\t\n\t\t\t\t\t\t\t<\/div>\n\t\t\t\t\t\t<\/div>\n\t\t\t\t\t\t<\/div>\n\t\t\t\t<\/div>\n\t\t<div class=\"elementor-element elementor-element-92cf451 e-flex e-con-boxed e-con e-child\" data-id=\"92cf451\" data-element_type=\"container\" data-e-type=\"container\" data-settings=\"{&quot;background_background&quot;:&quot;classic&quot;}\">\n\t\t\t\t\t<div class=\"e-con-inner\">\n\t\t\t\t<div class=\"elementor-element elementor-element-9953dd8 elementor-view-default elementor-widget elementor-widget-icon\" data-id=\"9953dd8\" data-element_type=\"widget\" data-e-type=\"widget\" data-widget_type=\"icon.default\">\n\t\t\t\t<div class=\"elementor-widget-container\">\n\t\t\t\t\t\t\t<div class=\"elementor-icon-wrapper\">\n\t\t\t<div class=\"elementor-icon\">\n\t\t\t<svg xmlns=\"http:\/\/www.w3.org\/2000\/svg\" xmlns:xlink=\"http:\/\/www.w3.org\/1999\/xlink\" id=\"Ebene_1\" x=\"0px\" y=\"0px\" viewBox=\"0 0 85 85\" style=\"enable-background:new 0 0 85 85;\" xml:space=\"preserve\"><style type=\"text\/css\">\t.st0{display:none;}\t.st1{fill:#FFFFFF;}<\/style><path class=\"st0\" d=\"M85,40.6H55.1c6.8-2.3,11.7-8.6,11.7-16.2h-1.5c0,8.6-7,15.5-15.5,15.5v1.3v0.2v1.3c8.6,0,15.5,7,15.5,15.5h1.5 c0-7.6-4.9-14-11.8-16.2h30V40.6z M33.8,41.5v-0.2V40c-8.6,0-15.5-7-15.5-15.5h-1.5c0,7.5,4.9,13.9,11.7,16.2H0v1.5h28.5 c-6.8,2.2-11.8,8.6-11.8,16.2h1.5c0-8.6,7-15.5,15.5-15.5L33.8,41.5L33.8,41.5z M43.2,49.4h-1.3h-0.2h-1.3c0,8.6-7,15.5-15.5,15.5 v1.5c7.5,0,13.9-4.9,16.2-11.7V85h1.5V54.7c2.2,6.8,8.6,11.7,16.2,11.7v-1.5C50.1,64.9,43.2,57.9,43.2,49.4z M40.4,33.4h1.3h0.2h1.3 c0-8.6,7-15.5,15.5-15.5v-1.5c-7.5,0-13.9,4.9-16.2,11.7V0H41v28.1c-2.2-6.8-8.6-11.7-16.2-11.7v1.5C33.4,17.9,40.4,24.9,40.4,33.4z \"><\/path><path class=\"st1\" d=\"M-0.1,43.2h32v-1.5h-32V43.2z M53.1,41.7v1.5h32v-1.5H53.1z M41.8,85.1h1.5v-32h-1.5V85.1z M41.8,31.9h1.5v-32 h-1.5V31.9z\"><\/path><\/svg>\t\t\t<\/div>\n\t\t<\/div>\n\t\t\t\t\t\t<\/div>\n\t\t\t\t<\/div>\n\t\t\t\t\t<\/div>\n\t\t\t\t<\/div>\n\t\t\t\t\t<\/div>\n\t\t\t\t<\/div>\n\t\t\t\t<\/div>\n\t\t","protected":false},"excerpt":{"rendered":"<p>Manz\u00f9 Fountain Our meeting point: the Manz\u00f9 fountain on K\u00f6nigsplatz. The woman, who is always protected from the weather in winter by a large wooden box, stands in the middle of the fountain and is dedicated to the youth of Augsburg. It looks towards the Riegele House and was designed by the Roman sculptor Giacomo [&hellip;]<\/p>\n","protected":false},"author":1,"featured_media":0,"parent":0,"menu_order":0,"comment_status":"closed","ping_status":"closed","template":"","meta":{"footnotes":""},"class_list":["post-1328","page","type-page","status-publish","hentry"],"_links":{"self":[{"href":"https:\/\/freewalkingtouraugsburg.de\/en\/wp-json\/wp\/v2\/pages\/1328","targetHints":{"allow":["GET"]}}],"collection":[{"href":"https:\/\/freewalkingtouraugsburg.de\/en\/wp-json\/wp\/v2\/pages"}],"about":[{"href":"https:\/\/freewalkingtouraugsburg.de\/en\/wp-json\/wp\/v2\/types\/page"}],"author":[{"embeddable":true,"href":"https:\/\/freewalkingtouraugsburg.de\/en\/wp-json\/wp\/v2\/users\/1"}],"replies":[{"embeddable":true,"href":"https:\/\/freewalkingtouraugsburg.de\/en\/wp-json\/wp\/v2\/comments?post=1328"}],"version-history":[{"count":3,"href":"https:\/\/freewalkingtouraugsburg.de\/en\/wp-json\/wp\/v2\/pages\/1328\/revisions"}],"predecessor-version":[{"id":1397,"href":"https:\/\/freewalkingtouraugsburg.de\/en\/wp-json\/wp\/v2\/pages\/1328\/revisions\/1397"}],"wp:attachment":[{"href":"https:\/\/freewalkingtouraugsburg.de\/en\/wp-json\/wp\/v2\/media?parent=1328"}],"curies":[{"name":"wp","href":"https:\/\/api.w.org\/{rel}","templated":true}]}}